{"id":322,"date":"2017-02-09T07:43:54","date_gmt":"2017-02-09T07:43:54","guid":{"rendered":"http:\/\/gt3demo.com\/wp\/wizeedu\/?page_id=322"},"modified":"2024-02-27T21:25:47","modified_gmt":"2024-02-27T20:25:47","slug":"news","status":"publish","type":"page","link":"https:\/\/tunisian-ai-society.org\/index.php\/news\/","title":{"rendered":"News"},"content":{"rendered":"<section class=\"wpb-content-wrapper\">[vc_row][vc_column][vc_custom_heading text=&#8221;TAIS NextGen&#8221; font_container=&#8221;tag:h4|text_align:left|color:%23dd2525&#8243; link=&#8221;url:https%3A%2F%2F2024.ieeeicip.org%2F&#8221;][vc_column_text]<span class=\"break-words \"> <span dir=\"ltr\">Press Release: \ud835\ude40\ud835\udc8e\ud835\ude65\ud835\udc90\ud835\ude6c\ud835\udc86\ud835\ude67\ud835\udc8a\ud835\ude63\ud835\udc88 \ud835\udc95\ud835\ude5d\ud835\udc86 \ud835\udc6d\ud835\ude6a\ud835\udc95\ud835\ude6a\ud835\udc93\ud835\ude5a: \ud835\udc75\ud835\ude5a\ud835\udc98 \ud835\udc6a\ud835\ude64\ud835\udc8e\ud835\ude62\ud835\udc96\ud835\ude63\ud835\udc8a\ud835\ude69\ud835\udc9a \ud835\udc87\ud835\ude64\ud835\udc93 \ud835\udc80\ud835\ude64\ud835\udc96\ud835\ude63\ud835\udc88 \ud835\udc7b\ud835\ude6a\ud835\udc8f\ud835\ude5e\ud835\udc94\ud835\ude5e\ud835\udc82\ud835\ude63 \ud835\ude3c\ud835\udc70 \ud835\udc79\ud835\ude5a\ud835\udc94\ud835\ude5a\ud835\udc82\ud835\ude67\ud835\udc84\ud835\ude5d\ud835\udc86\ud835\ude67\ud835\udc94 \ud835\udc73\ud835\ude56\ud835\udc96\ud835\ude63\ud835\udc84\ud835\ude5d\ud835\udc86\ud835\ude59<\/span><\/span><\/p>\n<p>February 23, 2024: The Tunisian AI Society (TAIS)\u00a0 is pleased to announce the launch of a brand-new community called &#8220;\ud835\udde7\ud835\uddd4\ud835\udddc\ud835\udde6 \ud835\udde1\ud835\uddf2\ud835\ude05\ud835\ude01\ud835\uddda\ud835\uddf2\ud835\uddfb&#8221;. This initiative aims to bring together talented and passionate young Tunisian AI researchers, both in Tunisia and abroad, to provide a space for collaboration, knowledge sharing and mutual support.<\/p>\n<p>\ud835\uddd4 \ud835\uddd7\ud835\ude06\ud835\uddfb\ud835\uddee\ud835\uddfa\ud835\uddf6\ud835\uddf0 \ud835\uddee\ud835\uddfb\ud835\uddf1 \ud835\uddd6\ud835\uddfc\ud835\uddf9\ud835\uddf9\ud835\uddee\ud835\uddef\ud835\uddfc\ud835\uddff\ud835\uddee\ud835\ude01\ud835\uddf6\ud835\ude03\ud835\uddf2 \ud835\uddd6\ud835\uddfc\ud835\uddfa\ud835\uddfa\ud835\ude02\ud835\uddfb\ud835\uddf6\ud835\ude01\ud835\ude06<br \/>\nOpen to all young AI researchers, whether PhD students, postdocs, early-career researchers, or young professionals, this community strives to be dynamic and collaborative. It will offer its members:<br \/>\n\ud835\udde6\ud835\uddf8\ud835\uddf6\ud835\uddf9\ud835\uddf9\ud835\ude00 \ud835\uddd7\ud835\uddf2\ud835\ude03\ud835\uddf2\ud835\uddf9\ud835\uddfc\ud835\uddfd\ud835\uddfa\ud835\uddf2\ud835\uddfb\ud835\ude01: Conferences, seminars, workshops, hackathons, and informal talks will be organized to facilitate ideation, presentation of research, and collaboration on joint projects.<br \/>\n\ud835\uddde\ud835\uddfb\ud835\uddfc\ud835\ude04\ud835\uddf9\ud835\uddf2\ud835\uddf1\ud835\uddf4\ud835\uddf2 \ud835\udde6\ud835\uddf5\ud835\uddee\ud835\uddff\ud835\uddf6\ud835\uddfb\ud835\uddf4: TAIS NextGen will serve as a hub for knowledge exchange, fostering a culture of collaborative learning among its members.<br \/>\n\ud835\udde3\ud835\uddff\ud835\uddfc\ud835\uddf3\ud835\uddf2\ud835\ude00\ud835\ude00\ud835\uddf6\ud835\uddfc\ud835\uddfb\ud835\uddee\ud835\uddf9 \ud835\uddf1\ud835\uddf2\ud835\ude03\ud835\uddf2\ud835\uddf9\ud835\uddfc\ud835\uddfd\ud835\uddfa\ud835\uddf2\ud835\uddfb\ud835\ude01 \ud835\uddfc\ud835\uddfd\ud835\uddfd\ud835\uddfc\ud835\uddff\ud835\ude01\ud835\ude02\ud835\uddfb\ud835\uddf6\ud835\ude01\ud835\uddf6\ud835\uddf2\ud835\ude00: Mentoring programs, invitations to international conferences, and skill-building workshops will be offered to support the advancement of young researchers.<br \/>\n\ud835\udde6\ud835\ude01\ud835\uddff\ud835\uddfc\ud835\uddfb\ud835\uddf4 \ud835\uddfb\ud835\uddf2\ud835\ude01\ud835\ude04\ud835\uddfc\ud835\uddff\ud835\uddf8: By connecting young researchers with industry experts, companies, and academic institutions, the community will facilitate partnerships and access to professional opportunities.<br \/>\n\ud835\udde5\ud835\uddf2\ud835\ude00\ud835\uddf2\ud835\uddee\ud835\uddff\ud835\uddf0\ud835\uddf5 \ud835\uddd6\ud835\uddfc\ud835\uddf9\ud835\uddf9\ud835\uddee\ud835\uddef\ud835\uddfc\ud835\uddff\ud835\uddee\ud835\ude01\ud835\uddf6\ud835\uddfc\ud835\uddfb: Facilitating collaborative research projects, the community aims to amplify the impact of AI research in Tunisia and beyond.<\/p>\n<p>\ud835\uddd9\ud835\uddfc\ud835\ude00\ud835\ude01\ud835\uddf2\ud835\uddff\ud835\uddf6\ud835\uddfb\ud835\uddf4 \ud835\ude01\ud835\uddf5\ud835\uddf2 \ud835\udde5\ud835\uddf6\ud835\ude00\ud835\uddf2 \ud835\uddfc\ud835\uddf3 \ud835\uddd4\ud835\udddc \ud835\uddf6\ud835\uddfb \ud835\udde7\ud835\ude02\ud835\uddfb\ud835\uddf6\ud835\ude00\ud835\uddf6\ud835\uddee<img fetchpriority=\"high\" decoding=\"async\" class=\"size-medium wp-image-5155 alignright\" src=\"http:\/\/tunisian-ai-society.org\/wp-content\/uploads\/2024\/02\/logos-taisnextgen1-300x251.png\" alt=\"\" width=\"300\" height=\"251\" srcset=\"https:\/\/tunisian-ai-society.org\/wp-content\/uploads\/2024\/02\/logos-taisnextgen1-300x251.png 300w, https:\/\/tunisian-ai-society.org\/wp-content\/uploads\/2024\/02\/logos-taisnextgen1-768x644.png 768w, https:\/\/tunisian-ai-society.org\/wp-content\/uploads\/2024\/02\/logos-taisnextgen1.png 940w\" sizes=\"(max-width: 300px) 100vw, 300px\" \/><br \/>\nBy uniting the next generation of AI talent, the Young Tunisian AI Researchers community, TAIS NextGen, will contribute to:<br \/>\nReinforcing relationships between Tunisian AI talents, Tunisian young prodigies resident or born abroad and Tunisia<br \/>\nEnhancing the visibility of Tunisian AI internationally: The participation of young researchers in international conferences and collaborations will showcase Tunisian expertise and raise its profile on the global AI stage.<br \/>\nStrengthening AI research and innovation in Tunisia: The community will play a crucial role in designing and deploying applications that benefit society and will stimulate high-quality research and innovative solutions.<\/p>\n<p style=\"text-align: left;\">TAIS NextGen invites all Tunisian young researchers, Tunisian AI enthusiasts, and aspiring innovators in Tunisia and Worldwide to join hands in this exciting journey. Whether you are a student, academic, or industry professional, your passion for AI is what unites us.<\/p>\n<p style=\"text-align: left;\">Together, we can create a powerful force for positive change and innovation,\u00a0 together, let&#8217;s empower Tunisia&#8217;s future !<\/p>\n[\/vc_column_text][gt3_spacing height=&#8221;50px&#8221;][vc_separator color=&#8221;custom&#8221; style=&#8221;shadow&#8221; border_width=&#8221;3&#8243; accent_color=&#8221;#dd3333&#8243;][\/vc_column][\/vc_row][vc_row][vc_column][vc_custom_heading text=&#8221;Welcome to ICIP 2024 :&#8221; font_container=&#8221;tag:p|text_align:left|color:%23dd2525&#8243; link=&#8221;url:https%3A%2F%2F2024.ieeeicip.org%2F&#8221;][vc_column_text]<span style=\"color: #000000;\">We are thrilled to extend our warmest invitation to you for the 2024 IEEE International Conference on Image Processing (ICIP 2024), set to take place in the vibrant city of Abu Dhabi, United Arab Emirates, from 27th to 30th of October 2024.<\/span><\/p>\n<p><span style=\"color: #000000;\">&#8211; Call for Special Sessions<\/span><br \/>\n<span style=\"color: #000000;\">&#8211; Call for Challenges<\/span><br \/>\n<span style=\"color: #000000;\">&#8211; Call for Workshops<\/span><br \/>\n<span style=\"color: #000000;\">&#8211; Call for Papers for the Datasets and Benchmarks Track<\/span><\/p>\n<p><span style=\"color: #0000ff;\">Prof. Moncef Gabbouj, General Co-Chair of ICIP 2024 &amp; Advisory member of the Tunisian AI Society.<\/span>[\/vc_column_text][gt3_spacing height=&#8221;50px&#8221;][vc_separator color=&#8221;custom&#8221; style=&#8221;shadow&#8221; border_width=&#8221;3&#8243; accent_color=&#8221;#dd3333&#8243;][\/vc_column][\/vc_row][vc_row][vc_column][vc_custom_heading text=&#8221;L\u2019inclusion financi\u00e8re \u00e0 l\u2019\u00e8re digitale | Sami Ayari, expert en organisation des syst\u00e8mes d\u2019information et Fondateur de AI Society \u00e0 La Presse : \u201cLa finance digitale est plus qu\u2019une simple transformation technique, c\u2019est un nouveau paradigme\u201d&#8221; font_container=&#8221;tag:p|text_align:left|color:%23dd2525&#8243; link=&#8221;url:https%3A%2F%2Flapresse.tn%2F174461%2Flinclusion-financiere-a-lere-digitale-sami-ayari-expert-en-organisation-des-systemes-dinformation-et-fondateur-de-ai-society-a-la-presse-la-finance-digitale-es%2F&#8221;][gt3_image_box thumbnail=&#8221;4614&#8243; image_position=&#8221;top&#8221; title_tag=&#8221;h4&#8243; title_color=&#8221;#303638&#8243; text_color=&#8221;#727e85&#8243; link_color=&#8221;#f4032e&#8221; link_hover_color=&#8221;#303638&#8243; new_tab=&#8221;&#8221; url=&#8221;https:\/\/lapresse.tn\/174461\/linclusion-financiere-a-lere-digitale-sami-ayari-expert-en-organisation-des-systemes-dinformation-et-fondateur-de-ai-society-a-la-presse-la-finance-digitale-es\/&#8221; heading=&#8221;Toute nouvelle strat\u00e9gie de changement qui vise \u00e0 r\u00e9soudre des probl\u00e8mes chroniques doit \u00eatre dot\u00e9e d\u2019un tableau de bord. Or, \u00e0 ce jour, on ne peut pas avoir le nombre des utilisateurs de mobile paiement par banque. Outre le probl\u00e8me de disponibilit\u00e9 des donn\u00e9es, il y a le volet cybers\u00e9curit\u00e9.&#8221;][gt3_spacing height=&#8221;50px&#8221;][vc_separator color=&#8221;custom&#8221; style=&#8221;shadow&#8221; border_width=&#8221;3&#8243; accent_color=&#8221;#dd3333&#8243;][\/vc_column][\/vc_row][vc_row][vc_column][vc_custom_heading text=&#8221;Dr. Imed Zitouni, Advisory member of the Tunisian AI Society in the Top Artificial Intelligence (AI) Visionaries in the Arab World Leaders, entrepreneurs, and scientific researchers have played a prominent role in developing the artificial intelligence sector in the Arab region.<\/p>\n<p>Dr. Imed Zitouni is the engineering virtuoso at Google, orchestrating research and development in natural language understanding and knowledge engineering. He&#8217;s a former principal research manager at Microsoft and a research scientist at IBM. He holds a Ph.D. and a master&#8217;s degree in computer science from Henri Poincar\u00e9 University, and a bachelor&#8217;s degree from the National School of Computer Science in Tunisia.<\/p>\n<p>Very proud and Congratulations!&#8221; font_container=&#8221;tag:p|text_align:left&#8221; link=&#8221;url:https%3A%2F%2Fen.incarabia.com%2Ftop-artificial-intelligence-ai-visionaries-in-the-arab-world-608423.html%23&#8243;][\/vc_column][\/vc_row][vc_row][vc_column][vc_images_carousel images=&#8221;3582,3580&#8243;][\/vc_column][\/vc_row][vc_row][vc_column][\/vc_column][\/vc_row]\n<\/section>","protected":false},"excerpt":{"rendered":"<p>[vc_row][vc_column][vc_custom_heading text=&#8221;TAIS NextGen&#8221; font_container=&#8221;tag:h4|text_align:left|color:%23dd2525&#8243; link=&#8221;url:https%3A%2F%2F2024.ieeeicip.org%2F&#8221;][vc_column_text] Press Release: \ud835\ude40\ud835\udc8e\ud835\ude65\ud835\udc90\ud835\ude6c\ud835\udc86\ud835\ude67\ud835\udc8a\ud835\ude63\ud835\udc88 \ud835\udc95\ud835\ude5d\ud835\udc86 \ud835\udc6d\ud835\ude6a\ud835\udc95\ud835\ude6a\ud835\udc93\ud835\ude5a: \ud835\udc75\ud835\ude5a\ud835\udc98 \ud835\udc6a\ud835\ude64\ud835\udc8e\ud835\ude62\ud835\udc96\ud835\ude63\ud835\udc8a\ud835\ude69\ud835\udc9a \ud835\udc87\ud835\ude64\ud835\udc93 \ud835\udc80\ud835\ude64\ud835\udc96\ud835\ude63\ud835\udc88 \ud835\udc7b\ud835\ude6a\ud835\udc8f\ud835\ude5e\ud835\udc94\ud835\ude5e\ud835\udc82\ud835\ude63 \ud835\ude3c\ud835\udc70 \ud835\udc79\ud835\ude5a\ud835\udc94\ud835\ude5a\ud835\udc82\ud835\ude67\ud835\udc84\ud835\ude5d\ud835\udc86\ud835\ude67\ud835\udc94 \ud835\udc73\ud835\ude56\ud835\udc96\ud835\ude63\ud835\udc84\ud835\ude5d\ud835\udc86\ud835\ude59 February 23, [&hellip;]<\/p>\n","protected":false},"author":1,"featured_media":0,"parent":0,"menu_order":0,"comment_status":"closed","ping_status":"closed","template":"","meta":{"footnotes":""},"class_list":["post-322","page","type-page","status-publish","hentry"],"_links":{"self":[{"href":"https:\/\/tunisian-ai-society.org\/index.php\/wp-json\/wp\/v2\/pages\/322","targetHints":{"allow":["GET"]}}],"collection":[{"href":"https:\/\/tunisian-ai-society.org\/index.php\/wp-json\/wp\/v2\/pages"}],"about":[{"href":"https:\/\/tunisian-ai-society.org\/index.php\/wp-json\/wp\/v2\/types\/page"}],"author":[{"embeddable":true,"href":"https:\/\/tunisian-ai-society.org\/index.php\/wp-json\/wp\/v2\/users\/1"}],"replies":[{"embeddable":true,"href":"https:\/\/tunisian-ai-society.org\/index.php\/wp-json\/wp\/v2\/comments?post=322"}],"version-history":[{"count":31,"href":"https:\/\/tunisian-ai-society.org\/index.php\/wp-json\/wp\/v2\/pages\/322\/revisions"}],"predecessor-version":[{"id":5158,"href":"https:\/\/tunisian-ai-society.org\/index.php\/wp-json\/wp\/v2\/pages\/322\/revisions\/5158"}],"wp:attachment":[{"href":"https:\/\/tunisian-ai-society.org\/index.php\/wp-json\/wp\/v2\/media?parent=322"}],"curies":[{"name":"wp","href":"https:\/\/api.w.org\/{rel}","templated":true}]}}